{"id":289,"date":"2026-04-12T19:32:07","date_gmt":"2026-04-12T17:32:07","guid":{"rendered":"https:\/\/offroad.work\/?page_id=289"},"modified":"2026-04-13T22:45:36","modified_gmt":"2026-04-13T20:45:36","slug":"galerie","status":"publish","type":"page","link":"https:\/\/offroad.work\/","title":{"rendered":"Off-Road Fun!"},"content":{"rendered":"\n<p class=\"has-text-align-center\">Wir lieben alles was R\u00e4der hat und abseits der Stra\u00dfe ordentlich voran kommt.<\/p>\n\n\n\n<p class=\"has-text-align-center\">Ist die Stra\u00dfe zu Ende, f\u00e4ngt der Spa\u00df erst richtig an!<\/p>\n\n\n\n<p class=\"has-text-align-center\">Im Real-Live, als Simulation und als Modell.<\/p>\n\n\n\n<p class=\"has-text-align-center\">Es ist eine Leidenschaft, die Freiheit, Natur und Technik perfekt verbindet!<\/p>\n\n\n\n<figure class=\"wp-block-gallery has-nested-images columns-1 wp-block-gallery-1 is-layout-flex wp-block-gallery-is-layout-flex\">\n<figure class=\"wp-block-image size-large\"><img loading=\"lazy\" decoding=\"async\" width=\"1024\" height=\"748\" data-id=\"501\" src=\"https:\/\/offroad.work\/wp-content\/uploads\/2026\/04\/Axial-Bomber-RR10-20241213-134609-1024x748.jpg\" alt=\"\" class=\"wp-image-501\" srcset=\"https:\/\/offroad.work\/wp-content\/uploads\/2026\/04\/Axial-Bomber-RR10-20241213-134609-1024x748.jpg 1024w, https:\/\/offroad.work\/wp-content\/uploads\/2026\/04\/Axial-Bomber-RR10-20241213-134609-300x219.jpg 300w, https:\/\/offroad.work\/wp-content\/uploads\/2026\/04\/Axial-Bomber-RR10-20241213-134609-768x561.jpg 768w, https:\/\/offroad.work\/wp-content\/uploads\/2026\/04\/Axial-Bomber-RR10-20241213-134609-1536x1122.jpg 1536w, https:\/\/offroad.work\/wp-content\/uploads\/2026\/04\/Axial-Bomber-RR10-20241213-134609.jpg 1920w\" sizes=\"auto, (max-width: 1024px) 100vw, 1024px\" \/><\/figure>\n\n\n\n<figure class=\"wp-block-image size-large\"><img loading=\"lazy\" decoding=\"async\" width=\"1024\" height=\"663\" data-id=\"503\" src=\"https:\/\/offroad.work\/wp-content\/uploads\/2026\/04\/Axial-Deadbold-SCX10-20260319-130402-ort-rc-1024x663.jpg\" alt=\"\" class=\"wp-image-503\" srcset=\"https:\/\/offroad.work\/wp-content\/uploads\/2026\/04\/Axial-Deadbold-SCX10-20260319-130402-ort-rc-1024x663.jpg 1024w, https:\/\/offroad.work\/wp-content\/uploads\/2026\/04\/Axial-Deadbold-SCX10-20260319-130402-ort-rc-300x194.jpg 300w, https:\/\/offroad.work\/wp-content\/uploads\/2026\/04\/Axial-Deadbold-SCX10-20260319-130402-ort-rc-768x497.jpg 768w, https:\/\/offroad.work\/wp-content\/uploads\/2026\/04\/Axial-Deadbold-SCX10-20260319-130402-ort-rc-1536x994.jpg 1536w, https:\/\/offroad.work\/wp-content\/uploads\/2026\/04\/Axial-Deadbold-SCX10-20260319-130402-ort-rc.jpg 1920w\" sizes=\"auto, (max-width: 1024px) 100vw, 1024px\" \/><\/figure>\n\n\n\n<figure class=\"wp-block-image size-large\"><img loading=\"lazy\" decoding=\"async\" width=\"1024\" height=\"805\" data-id=\"510\" src=\"https:\/\/offroad.work\/wp-content\/uploads\/2026\/04\/Traxxas-Chevrolet-K10-TRX4-20260317-ort-rc-1024x805.jpg\" alt=\"\" class=\"wp-image-510\" srcset=\"https:\/\/offroad.work\/wp-content\/uploads\/2026\/04\/Traxxas-Chevrolet-K10-TRX4-20260317-ort-rc-1024x805.jpg 1024w, https:\/\/offroad.work\/wp-content\/uploads\/2026\/04\/Traxxas-Chevrolet-K10-TRX4-20260317-ort-rc-300x236.jpg 300w, https:\/\/offroad.work\/wp-content\/uploads\/2026\/04\/Traxxas-Chevrolet-K10-TRX4-20260317-ort-rc-768x604.jpg 768w, https:\/\/offroad.work\/wp-content\/uploads\/2026\/04\/Traxxas-Chevrolet-K10-TRX4-20260317-ort-rc-1536x1207.jpg 1536w, https:\/\/offroad.work\/wp-content\/uploads\/2026\/04\/Traxxas-Chevrolet-K10-TRX4-20260317-ort-rc.jpg 1920w\" sizes=\"auto, (max-width: 1024px) 100vw, 1024px\" \/><\/figure>\n\n\n\n<figure class=\"wp-block-image size-large\"><img loading=\"lazy\" decoding=\"async\" width=\"1024\" height=\"788\" data-id=\"508\" src=\"https:\/\/offroad.work\/wp-content\/uploads\/2026\/04\/Traxxas-Chevrolet-K10-TRX4-20260318-144639-ort-rc-1024x788.jpg\" alt=\"\" class=\"wp-image-508\" srcset=\"https:\/\/offroad.work\/wp-content\/uploads\/2026\/04\/Traxxas-Chevrolet-K10-TRX4-20260318-144639-ort-rc-1024x788.jpg 1024w, https:\/\/offroad.work\/wp-content\/uploads\/2026\/04\/Traxxas-Chevrolet-K10-TRX4-20260318-144639-ort-rc-300x231.jpg 300w, https:\/\/offroad.work\/wp-content\/uploads\/2026\/04\/Traxxas-Chevrolet-K10-TRX4-20260318-144639-ort-rc-768x591.jpg 768w, https:\/\/offroad.work\/wp-content\/uploads\/2026\/04\/Traxxas-Chevrolet-K10-TRX4-20260318-144639-ort-rc-1536x1182.jpg 1536w, https:\/\/offroad.work\/wp-content\/uploads\/2026\/04\/Traxxas-Chevrolet-K10-TRX4-20260318-144639-ort-rc.jpg 1920w\" sizes=\"auto, (max-width: 1024px) 100vw, 1024px\" \/><\/figure>\n\n\n\n<figure class=\"wp-block-image size-large\"><img loading=\"lazy\" decoding=\"async\" width=\"1024\" height=\"602\" data-id=\"500\" src=\"https:\/\/offroad.work\/wp-content\/uploads\/2026\/04\/Mercedes-Benz-Actros-20260321-135553-ort-snow-1024x602.jpg\" alt=\"\" class=\"wp-image-500\" srcset=\"https:\/\/offroad.work\/wp-content\/uploads\/2026\/04\/Mercedes-Benz-Actros-20260321-135553-ort-snow-1024x602.jpg 1024w, https:\/\/offroad.work\/wp-content\/uploads\/2026\/04\/Mercedes-Benz-Actros-20260321-135553-ort-snow-300x176.jpg 300w, https:\/\/offroad.work\/wp-content\/uploads\/2026\/04\/Mercedes-Benz-Actros-20260321-135553-ort-snow-768x451.jpg 768w, https:\/\/offroad.work\/wp-content\/uploads\/2026\/04\/Mercedes-Benz-Actros-20260321-135553-ort-snow-1536x902.jpg 1536w, https:\/\/offroad.work\/wp-content\/uploads\/2026\/04\/Mercedes-Benz-Actros-20260321-135553-ort-snow.jpg 1920w\" sizes=\"auto, (max-width: 1024px) 100vw, 1024px\" \/><\/figure>\n\n\n\n<figure class=\"wp-block-image size-large\"><img loading=\"lazy\" decoding=\"async\" width=\"1024\" height=\"734\" data-id=\"507\" src=\"https:\/\/offroad.work\/wp-content\/uploads\/2026\/04\/Sleitner-20260321-225611-ort-snow-1024x734.jpg\" alt=\"\" class=\"wp-image-507\" srcset=\"https:\/\/offroad.work\/wp-content\/uploads\/2026\/04\/Sleitner-20260321-225611-ort-snow-1024x734.jpg 1024w, https:\/\/offroad.work\/wp-content\/uploads\/2026\/04\/Sleitner-20260321-225611-ort-snow-300x215.jpg 300w, https:\/\/offroad.work\/wp-content\/uploads\/2026\/04\/Sleitner-20260321-225611-ort-snow-768x550.jpg 768w, https:\/\/offroad.work\/wp-content\/uploads\/2026\/04\/Sleitner-20260321-225611-ort-snow-1536x1101.jpg 1536w, https:\/\/offroad.work\/wp-content\/uploads\/2026\/04\/Sleitner-20260321-225611-ort-snow.jpg 1920w\" sizes=\"auto, (max-width: 1024px) 100vw, 1024px\" \/><\/figure>\n\n\n\n<figure class=\"wp-block-image size-large\"><img loading=\"lazy\" decoding=\"async\" width=\"1024\" height=\"603\" data-id=\"504\" src=\"https:\/\/offroad.work\/wp-content\/uploads\/2026\/04\/Sleiter-ST-833-Chimera-20260321-224913-ort-snow-1024x603.jpg\" alt=\"\" class=\"wp-image-504\" srcset=\"https:\/\/offroad.work\/wp-content\/uploads\/2026\/04\/Sleiter-ST-833-Chimera-20260321-224913-ort-snow-1024x603.jpg 1024w, https:\/\/offroad.work\/wp-content\/uploads\/2026\/04\/Sleiter-ST-833-Chimera-20260321-224913-ort-snow-300x177.jpg 300w, https:\/\/offroad.work\/wp-content\/uploads\/2026\/04\/Sleiter-ST-833-Chimera-20260321-224913-ort-snow-768x452.jpg 768w, https:\/\/offroad.work\/wp-content\/uploads\/2026\/04\/Sleiter-ST-833-Chimera-20260321-224913-ort-snow-1536x905.jpg 1536w, https:\/\/offroad.work\/wp-content\/uploads\/2026\/04\/Sleiter-ST-833-Chimera-20260321-224913-ort-snow.jpg 1920w\" sizes=\"auto, (max-width: 1024px) 100vw, 1024px\" \/><\/figure>\n\n\n\n<figure class=\"wp-block-image size-large\"><img loading=\"lazy\" decoding=\"async\" width=\"1024\" height=\"603\" data-id=\"502\" src=\"https:\/\/offroad.work\/wp-content\/uploads\/2026\/04\/Mercedes-Benz-Zetros-20260321-220930-ort-snow-1024x603.jpg\" alt=\"\" class=\"wp-image-502\" srcset=\"https:\/\/offroad.work\/wp-content\/uploads\/2026\/04\/Mercedes-Benz-Zetros-20260321-220930-ort-snow-1024x603.jpg 1024w, https:\/\/offroad.work\/wp-content\/uploads\/2026\/04\/Mercedes-Benz-Zetros-20260321-220930-ort-snow-300x177.jpg 300w, https:\/\/offroad.work\/wp-content\/uploads\/2026\/04\/Mercedes-Benz-Zetros-20260321-220930-ort-snow-768x452.jpg 768w, https:\/\/offroad.work\/wp-content\/uploads\/2026\/04\/Mercedes-Benz-Zetros-20260321-220930-ort-snow-1536x904.jpg 1536w, https:\/\/offroad.work\/wp-content\/uploads\/2026\/04\/Mercedes-Benz-Zetros-20260321-220930-ort-snow.jpg 1920w\" sizes=\"auto, (max-width: 1024px) 100vw, 1024px\" \/><\/figure>\n\n\n\n<figure class=\"wp-block-image size-large\"><img loading=\"lazy\" decoding=\"async\" width=\"1024\" height=\"852\" data-id=\"506\" src=\"https:\/\/offroad.work\/wp-content\/uploads\/2026\/04\/Sleiter-ST-833-Chimera-20260321-225407-ort-snow-1024x852.jpg\" alt=\"\" class=\"wp-image-506\" srcset=\"https:\/\/offroad.work\/wp-content\/uploads\/2026\/04\/Sleiter-ST-833-Chimera-20260321-225407-ort-snow-1024x852.jpg 1024w, https:\/\/offroad.work\/wp-content\/uploads\/2026\/04\/Sleiter-ST-833-Chimera-20260321-225407-ort-snow-300x250.jpg 300w, https:\/\/offroad.work\/wp-content\/uploads\/2026\/04\/Sleiter-ST-833-Chimera-20260321-225407-ort-snow-768x639.jpg 768w, https:\/\/offroad.work\/wp-content\/uploads\/2026\/04\/Sleiter-ST-833-Chimera-20260321-225407-ort-snow-1536x1278.jpg 1536w, https:\/\/offroad.work\/wp-content\/uploads\/2026\/04\/Sleiter-ST-833-Chimera-20260321-225407-ort-snow.jpg 1920w\" sizes=\"auto, (max-width: 1024px) 100vw, 1024px\" \/><\/figure>\n\n\n\n<figure class=\"wp-block-image size-large\"><img loading=\"lazy\" decoding=\"async\" width=\"1024\" height=\"602\" data-id=\"499\" src=\"https:\/\/offroad.work\/wp-content\/uploads\/2026\/04\/Mercedes-Benz-Actros-20260321-135548-ort-snow-1024x602.jpg\" alt=\"\" class=\"wp-image-499\" srcset=\"https:\/\/offroad.work\/wp-content\/uploads\/2026\/04\/Mercedes-Benz-Actros-20260321-135548-ort-snow-1024x602.jpg 1024w, https:\/\/offroad.work\/wp-content\/uploads\/2026\/04\/Mercedes-Benz-Actros-20260321-135548-ort-snow-300x176.jpg 300w, https:\/\/offroad.work\/wp-content\/uploads\/2026\/04\/Mercedes-Benz-Actros-20260321-135548-ort-snow-768x452.jpg 768w, https:\/\/offroad.work\/wp-content\/uploads\/2026\/04\/Mercedes-Benz-Actros-20260321-135548-ort-snow-1536x903.jpg 1536w, https:\/\/offroad.work\/wp-content\/uploads\/2026\/04\/Mercedes-Benz-Actros-20260321-135548-ort-snow.jpg 1920w\" sizes=\"auto, (max-width: 1024px) 100vw, 1024px\" \/><\/figure>\n\n\n\n<figure class=\"wp-block-image size-large\"><img loading=\"lazy\" decoding=\"async\" width=\"1024\" height=\"780\" data-id=\"498\" src=\"https:\/\/offroad.work\/wp-content\/uploads\/2026\/04\/Tatra-T813-20260322-ort-snow-1024x780.jpg\" alt=\"\" class=\"wp-image-498\" srcset=\"https:\/\/offroad.work\/wp-content\/uploads\/2026\/04\/Tatra-T813-20260322-ort-snow-1024x780.jpg 1024w, https:\/\/offroad.work\/wp-content\/uploads\/2026\/04\/Tatra-T813-20260322-ort-snow-300x229.jpg 300w, https:\/\/offroad.work\/wp-content\/uploads\/2026\/04\/Tatra-T813-20260322-ort-snow-768x585.jpg 768w, https:\/\/offroad.work\/wp-content\/uploads\/2026\/04\/Tatra-T813-20260322-ort-snow-1536x1170.jpg 1536w, https:\/\/offroad.work\/wp-content\/uploads\/2026\/04\/Tatra-T813-20260322-ort-snow.jpg 1920w\" sizes=\"auto, (max-width: 1024px) 100vw, 1024px\" \/><\/figure>\n\n\n\n<figure class=\"wp-block-image size-large\"><img loading=\"lazy\" decoding=\"async\" width=\"1024\" height=\"714\" data-id=\"509\" src=\"https:\/\/offroad.work\/wp-content\/uploads\/2026\/04\/Axial-Deadbold-SCX10-20260317-Axial-SCX10-1024x714.jpg\" alt=\"\" class=\"wp-image-509\" srcset=\"https:\/\/offroad.work\/wp-content\/uploads\/2026\/04\/Axial-Deadbold-SCX10-20260317-Axial-SCX10-1024x714.jpg 1024w, https:\/\/offroad.work\/wp-content\/uploads\/2026\/04\/Axial-Deadbold-SCX10-20260317-Axial-SCX10-300x209.jpg 300w, https:\/\/offroad.work\/wp-content\/uploads\/2026\/04\/Axial-Deadbold-SCX10-20260317-Axial-SCX10-768x536.jpg 768w, https:\/\/offroad.work\/wp-content\/uploads\/2026\/04\/Axial-Deadbold-SCX10-20260317-Axial-SCX10-1536x1071.jpg 1536w, https:\/\/offroad.work\/wp-content\/uploads\/2026\/04\/Axial-Deadbold-SCX10-20260317-Axial-SCX10.jpg 1920w\" sizes=\"auto, (max-width: 1024px) 100vw, 1024px\" \/><\/figure>\n\n\n\n<figure class=\"wp-block-image size-large\"><img loading=\"lazy\" decoding=\"async\" width=\"1024\" height=\"819\" data-id=\"511\" src=\"https:\/\/offroad.work\/wp-content\/uploads\/2026\/04\/Axial-Ryft-RBX10-20260316-1024x819.jpg\" alt=\"\" class=\"wp-image-511\" srcset=\"https:\/\/offroad.work\/wp-content\/uploads\/2026\/04\/Axial-Ryft-RBX10-20260316-1024x819.jpg 1024w, https:\/\/offroad.work\/wp-content\/uploads\/2026\/04\/Axial-Ryft-RBX10-20260316-300x240.jpg 300w, https:\/\/offroad.work\/wp-content\/uploads\/2026\/04\/Axial-Ryft-RBX10-20260316-768x614.jpg 768w, https:\/\/offroad.work\/wp-content\/uploads\/2026\/04\/Axial-Ryft-RBX10-20260316-1536x1228.jpg 1536w, https:\/\/offroad.work\/wp-content\/uploads\/2026\/04\/Axial-Ryft-RBX10-20260316.jpg 1920w\" sizes=\"auto, (max-width: 1024px) 100vw, 1024px\" \/><\/figure>\n\n\n\n<figure class=\"wp-block-image size-large\"><img loading=\"lazy\" decoding=\"async\" width=\"1024\" height=\"651\" data-id=\"496\" src=\"https:\/\/offroad.work\/wp-content\/uploads\/2026\/04\/Axial-Ryft-RBX10-20241124-100405-1024x651.jpg\" alt=\"\" class=\"wp-image-496\" srcset=\"https:\/\/offroad.work\/wp-content\/uploads\/2026\/04\/Axial-Ryft-RBX10-20241124-100405-1024x651.jpg 1024w, https:\/\/offroad.work\/wp-content\/uploads\/2026\/04\/Axial-Ryft-RBX10-20241124-100405-300x191.jpg 300w, https:\/\/offroad.work\/wp-content\/uploads\/2026\/04\/Axial-Ryft-RBX10-20241124-100405-768x488.jpg 768w, https:\/\/offroad.work\/wp-content\/uploads\/2026\/04\/Axial-Ryft-RBX10-20241124-100405-1536x976.jpg 1536w, https:\/\/offroad.work\/wp-content\/uploads\/2026\/04\/Axial-Ryft-RBX10-20241124-100405.jpg 1920w\" sizes=\"auto, (max-width: 1024px) 100vw, 1024px\" \/><\/figure>\n\n\n\n<figure class=\"wp-block-image size-large\"><img loading=\"lazy\" decoding=\"async\" width=\"1024\" height=\"661\" data-id=\"497\" src=\"https:\/\/offroad.work\/wp-content\/uploads\/2026\/04\/Axial-Deadbold-SCX10-20260316-095539-1024x661.jpg\" alt=\"\" class=\"wp-image-497\" srcset=\"https:\/\/offroad.work\/wp-content\/uploads\/2026\/04\/Axial-Deadbold-SCX10-20260316-095539-1024x661.jpg 1024w, https:\/\/offroad.work\/wp-content\/uploads\/2026\/04\/Axial-Deadbold-SCX10-20260316-095539-300x194.jpg 300w, https:\/\/offroad.work\/wp-content\/uploads\/2026\/04\/Axial-Deadbold-SCX10-20260316-095539-768x496.jpg 768w, https:\/\/offroad.work\/wp-content\/uploads\/2026\/04\/Axial-Deadbold-SCX10-20260316-095539-1536x992.jpg 1536w, https:\/\/offroad.work\/wp-content\/uploads\/2026\/04\/Axial-Deadbold-SCX10-20260316-095539.jpg 1920w\" sizes=\"auto, (max-width: 1024px) 100vw, 1024px\" \/><\/figure>\n\n\n\n<figure class=\"wp-block-image size-large\"><img loading=\"lazy\" decoding=\"async\" width=\"1024\" height=\"602\" data-id=\"505\" src=\"https:\/\/offroad.work\/wp-content\/uploads\/2026\/04\/Mercedes-Benz-Zetros-20260321-220924-ort-snow-1024x602.jpg\" alt=\"\" class=\"wp-image-505\" srcset=\"https:\/\/offroad.work\/wp-content\/uploads\/2026\/04\/Mercedes-Benz-Zetros-20260321-220924-ort-snow-1024x602.jpg 1024w, https:\/\/offroad.work\/wp-content\/uploads\/2026\/04\/Mercedes-Benz-Zetros-20260321-220924-ort-snow-300x176.jpg 300w, https:\/\/offroad.work\/wp-content\/uploads\/2026\/04\/Mercedes-Benz-Zetros-20260321-220924-ort-snow-768x451.jpg 768w, https:\/\/offroad.work\/wp-content\/uploads\/2026\/04\/Mercedes-Benz-Zetros-20260321-220924-ort-snow-1536x902.jpg 1536w, https:\/\/offroad.work\/wp-content\/uploads\/2026\/04\/Mercedes-Benz-Zetros-20260321-220924-ort-snow.jpg 1920w\" sizes=\"auto, (max-width: 1024px) 100vw, 1024px\" \/><\/figure>\n<\/figure>\n","protected":false},"excerpt":{"rendered":"<p>Wir lieben alles was R\u00e4der hat und abseits der Stra\u00dfe ordentlich voran kommt. Ist die Stra\u00dfe zu Ende, f\u00e4ngt der Spa\u00df erst richtig an! Im Real-Live, als Simulation und als Modell. Es ist eine Leidenschaft, die Freiheit, Natur und Technik perfekt verbindet!<\/p>\n","protected":false},"author":2,"featured_media":0,"parent":0,"menu_order":0,"comment_status":"closed","ping_status":"closed","template":"","meta":{"footnotes":""},"class_list":["post-289","page","type-page","status-publish","hentry"],"_links":{"self":[{"href":"https:\/\/offroad.work\/index.php?rest_route=\/wp\/v2\/pages\/289","targetHints":{"allow":["GET"]}}],"collection":[{"href":"https:\/\/offroad.work\/index.php?rest_route=\/wp\/v2\/pages"}],"about":[{"href":"https:\/\/offroad.work\/index.php?rest_route=\/wp\/v2\/types\/page"}],"author":[{"embeddable":true,"href":"https:\/\/offroad.work\/index.php?rest_route=\/wp\/v2\/users\/2"}],"replies":[{"embeddable":true,"href":"https:\/\/offroad.work\/index.php?rest_route=%2Fwp%2Fv2%2Fcomments&post=289"}],"version-history":[{"count":27,"href":"https:\/\/offroad.work\/index.php?rest_route=\/wp\/v2\/pages\/289\/revisions"}],"predecessor-version":[{"id":519,"href":"https:\/\/offroad.work\/index.php?rest_route=\/wp\/v2\/pages\/289\/revisions\/519"}],"wp:attachment":[{"href":"https:\/\/offroad.work\/index.php?rest_route=%2Fwp%2Fv2%2Fmedia&parent=289"}],"curies":[{"name":"wp","href":"https:\/\/api.w.org\/{rel}","templated":true}]}}